{"id":17881,"date":"2021-07-21T17:03:58","date_gmt":"2021-07-21T21:03:58","guid":{"rendered":"http:\/\/vielmarketing.com\/confidentialite\/"},"modified":"2025-11-03T14:33:38","modified_gmt":"2025-11-03T19:33:38","slug":"politique-confidentialite","status":"publish","type":"page","link":"https:\/\/vielmarketing.com\/fr\/politique-confidentialite\/","title":{"rendered":"Politique_confidentialit\u00e9"},"content":{"rendered":"\t\t<div data-elementor-type=\"wp-page\" data-elementor-id=\"17881\" class=\"elementor elementor-17881 elementor-13249\" data-elementor-post-type=\"page\">\n\t\t\t\t\t\t<section class=\"elementor-section elementor-top-section elementor-element elementor-element-42bbb411 elementor-section-content-middle elementor-section-boxed elementor-section-height-default elementor-section-height-default\" data-id=\"42bbb411\" data-element_type=\"section\" data-e-type=\"section\">\n\t\t\t\t\t\t<div class=\"elementor-container elementor-column-gap-default\">\n\t\t\t\t\t<div class=\"elementor-column elementor-col-100 elementor-top-column elementor-element elementor-element-7343a35\" data-id=\"7343a35\" data-element_type=\"column\" data-e-type=\"column\">\n\t\t\t<div class=\"elementor-widget-wrap elementor-element-populated\">\n\t\t\t\t\t\t<div class=\"elementor-element elementor-element-b6c6d31 elementor-widget elementor-widget-heading\" data-id=\"b6c6d31\" data-element_type=\"widget\" data-e-type=\"widget\" data-widget_type=\"heading.default\">\n\t\t\t\t<div class=\"elementor-widget-container\">\n\t\t\t\t\t<h1 class=\"elementor-heading-title elementor-size-default\">Politique de confidentialit\u00e9<\/h1>\t\t\t\t<\/div>\n\t\t\t\t<\/div>\n\t\t\t\t\t<\/div>\n\t\t<\/div>\n\t\t\t\t\t<\/div>\n\t\t<\/section>\n\t\t\t\t<section class=\"elementor-section elementor-top-section elementor-element elementor-element-0dc3983 elementor-section-content-middle elementor-section-boxed elementor-section-height-default elementor-section-height-default\" data-id=\"0dc3983\" data-element_type=\"section\" data-e-type=\"section\">\n\t\t\t\t\t\t<div class=\"elementor-container elementor-column-gap-default\">\n\t\t\t\t\t<div class=\"elementor-column elementor-col-25 elementor-top-column elementor-element elementor-element-7ff3e7e\" data-id=\"7ff3e7e\" data-element_type=\"column\" data-e-type=\"column\">\n\t\t\t<div class=\"elementor-widget-wrap\">\n\t\t\t\t\t\t\t<\/div>\n\t\t<\/div>\n\t\t\t\t<div class=\"elementor-column elementor-col-25 elementor-top-column elementor-element elementor-element-b7e8940\" data-id=\"b7e8940\" data-element_type=\"column\" data-e-type=\"column\">\n\t\t\t<div class=\"elementor-widget-wrap elementor-element-populated\">\n\t\t\t\t\t\t<div class=\"elementor-element elementor-element-8e2a7bf elementor-widget elementor-widget-image\" data-id=\"8e2a7bf\" data-element_type=\"widget\" data-e-type=\"widget\" data-widget_type=\"image.default\">\n\t\t\t\t<div class=\"elementor-widget-container\">\n\t\t\t\t\t\t\t\t\t\t\t\t\t\t\t<img fetchpriority=\"high\" decoding=\"async\" width=\"300\" height=\"300\" src=\"https:\/\/vielmarketing.com\/wp-content\/uploads\/2025\/10\/Casa-1.png\" class=\"attachment-full size-full wp-image-37677\" alt=\"Image de la page de confidentialit\u00e9\" srcset=\"https:\/\/vielmarketing.com\/wp-content\/uploads\/2025\/10\/Casa-1.png 300w, https:\/\/vielmarketing.com\/wp-content\/uploads\/2025\/10\/Casa-1-150x150.png 150w\" sizes=\"(max-width: 300px) 100vw, 300px\" \/>\t\t\t\t\t\t\t\t\t\t\t\t\t\t\t<\/div>\n\t\t\t\t<\/div>\n\t\t\t\t\t<\/div>\n\t\t<\/div>\n\t\t\t\t<div class=\"elementor-column elementor-col-25 elementor-top-column elementor-element elementor-element-6b55d15\" data-id=\"6b55d15\" data-element_type=\"column\" data-e-type=\"column\">\n\t\t\t<div class=\"elementor-widget-wrap elementor-element-populated\">\n\t\t\t\t\t\t<div class=\"elementor-element elementor-element-aeff93f elementor-widget elementor-widget-text-editor\" data-id=\"aeff93f\" data-element_type=\"widget\" data-e-type=\"widget\" data-widget_type=\"text-editor.default\">\n\t\t\t\t<div class=\"elementor-widget-container\">\n\t\t\t\t\t\t\t\t\t<p align=\"  justify\"><strong>Politique de confidentialit\u00e9<\/strong><\/p>\n<p align=\"  justify\">VMI s&rsquo;engage \u00e0 prot\u00e9ger votre vie priv\u00e9e. Cette politique d\u00e9crit nos pratiques en mati\u00e8re de donn\u00e9es et est accessible depuis chaque page de notre site Web.<\/p>\n<p align=\"  justify\"><strong>Donn\u00e9es du site Web<\/strong><\/p>\n<p align=\"  justify\">Notre h\u00e9bergeur collecte des donn\u00e9es d&rsquo;utilisation anonymes (par exemple, adresse IP, type de navigateur, pages visit\u00e9es) \u00e0 des fins d&rsquo;analyse statistique et d&rsquo;am\u00e9lioration du site. Nous n&rsquo;identifions pas les utilisateurs, sauf si la loi nous y oblige.<\/p>\n<p align=\"  justify\"><strong>Liens externes<\/strong><\/p>\n<p align=\"  justify\">Nous ne sommes pas responsables du contenu ou des pratiques de confidentialit\u00e9 des sites Web externes. Veuillez consulter leurs politiques respectives.<\/p>\n<p align=\"  justify\"><strong>Communication par courriel<\/strong><\/p>\n<p align=\"  justify\">Les adresses \u00e9lectroniques ne sont enregistr\u00e9es que lorsqu&rsquo;elles sont fournies volontairement. Ils sont utilis\u00e9s pour la communication directe et ne sont ajout\u00e9s aux listes de diffusion qu&rsquo;avec le consentement du destinataire. Nous ne partageons pas les informations personnelles sans autorisation.<\/p>\n<p align=\"  justify\"><strong>Demandes de donn\u00e9es<\/strong><\/p>\n<p align=\"  justify\">Pour mettre \u00e0 jour, consulter ou supprimer vos informations, ou pour vous d\u00e9sabonner de nos communications, veuillez nous contacter. Nous ne transf\u00e9rons pas de donn\u00e9es personnelles \u00e0 l&rsquo;international et privil\u00e9gions les interactions anonymes.<\/p>\n<p align=\"  justify\"><strong>Images<\/strong><\/p>\n<p align=\"  justify\">La plupart des images appartiennent \u00e0 VMI. D&rsquo;autres proviennent d&rsquo;archives ou d&rsquo;\u00e9v\u00e9nements autoris\u00e9s. N&rsquo;h\u00e9sitez pas \u00e0 nous contacter pour toute demande de suppression.<\/p>\n<p align=\"  justify\"><strong>Probl\u00e8mes li\u00e9s \u00e0 la confidentialit\u00e9<\/strong><\/p>\nPour toute question relative \u00e0 la confidentialit\u00e9, veuillez contacter :<\/p>\n\nViel Marketing International, Inc.<\/p>\nToronto, ON, Canada M2N 6M4<\/p>\n\n<a href=\"mailto:contact@vielmarketing.com\" target=\"_blank\" rel=\"noopener\">contact@vielmarketing.com<\/a><\/p>\n<br>Mise \u00e0 jour: Novembre 2025\t\t\t\t\t\t\t\t<\/div>\n\t\t\t\t<\/div>\n\t\t\t\t\t<\/div>\n\t\t<\/div>\n\t\t\t\t<div class=\"elementor-column elementor-col-25 elementor-top-column elementor-element elementor-element-8408498\" data-id=\"8408498\" data-element_type=\"column\" data-e-type=\"column\">\n\t\t\t<div class=\"elementor-widget-wrap\">\n\t\t\t\t\t\t\t<\/div>\n\t\t<\/div>\n\t\t\t\t\t<\/div>\n\t\t<\/section>\n\t\t\t\t<section class=\"elementor-section elementor-top-section elementor-element elementor-element-3b176d47 elementor-section-content-middle elementor-section-boxed elementor-section-height-default elementor-section-height-default\" data-id=\"3b176d47\" data-element_type=\"section\" data-e-type=\"section\">\n\t\t\t\t\t\t<div class=\"elementor-container elementor-column-gap-default\">\n\t\t\t\t\t<div class=\"elementor-column elementor-col-100 elementor-top-column elementor-element elementor-element-88874f3\" data-id=\"88874f3\" data-element_type=\"column\" data-e-type=\"column\">\n\t\t\t<div class=\"elementor-widget-wrap elementor-element-populated\">\n\t\t\t\t\t\t<div class=\"elementor-element elementor-element-5391bc33 elementor-widget elementor-widget-text-editor\" data-id=\"5391bc33\" data-element_type=\"widget\" data-e-type=\"widget\" data-widget_type=\"text-editor.default\">\n\t\t\t\t<div class=\"elementor-widget-container\">\n\t\t\t\t\t\t\t\t\t<p>Photo credit: FJV<\/p>\t\t\t\t\t\t\t\t<\/div>\n\t\t\t\t<\/div>\n\t\t\t\t\t<\/div>\n\t\t<\/div>\n\t\t\t\t\t<\/div>\n\t\t<\/section>\n\t\t\t\t<\/div>\n\t\t","protected":false},"excerpt":{"rendered":"<p>Politique de confidentialit\u00e9 Politique de confidentialit\u00e9 VMI s&rsquo;engage \u00e0 prot\u00e9ger votre vie priv\u00e9e. Cette politique d\u00e9crit nos pratiques en mati\u00e8re de donn\u00e9es et est accessible depuis chaque page de notre site Web. Donn\u00e9es du site Web Notre h\u00e9bergeur collecte des donn\u00e9es d&rsquo;utilisation anonymes (par exemple, adresse IP, type de navigateur, pages visit\u00e9es) \u00e0 des fins [&hellip;]<\/p>\n","protected":false},"author":1,"featured_media":32813,"parent":0,"menu_order":0,"comment_status":"closed","ping_status":"closed","template":"","meta":{"footnotes":""},"class_list":["post-17881","page","type-page","status-publish","has-post-thumbnail","hentry"],"yoast_head":"<!-- This site is optimized with the Yoast SEO plugin v27.4 - https:\/\/yoast.com\/product\/yoast-seo-wordpress\/ -->\n<title>Politique de confidentialit\u00e9 - Viel Marketing International, Inc.<\/title>\n<meta name=\"description\" content=\"Examinez le site de Viel Marketing International, Inc. Politique de confidentialit\u00e9 pour comprendre comment nous collectons, utilisons et prot\u00e9geons vos donn\u00e9es, y compris l&#039;utilisation du site web et la communication par courrier \u00e9lectronique. Nous nous engageons \u00e0 respecter votre vie priv\u00e9e.\" \/>\n<meta name=\"robots\" content=\"noindex, nofollow\" \/>\n<meta property=\"og:locale\" content=\"fr_FR\" \/>\n<meta property=\"og:type\" content=\"article\" \/>\n<meta property=\"og:title\" content=\"Politique_confidentialit\u00e9 - Viel Marketing International, Inc.\" \/>\n<meta property=\"og:description\" content=\"Afin de mieux prot\u00e9ger votre vie priv\u00e9e, nous fournissons cet avis expliquant nos pratiques en mati\u00e8re d&#039;information en ligne et les choix que vous pouvez faire.\" \/>\n<meta property=\"og:url\" content=\"https:\/\/vielmarketing.com\/fr\/politique-confidentialite\/\" \/>\n<meta property=\"og:site_name\" content=\"Viel Marketing International, Inc.\" \/>\n<meta property=\"article:publisher\" content=\"https:\/\/www.facebook.com\/VielMarketingIntl\" \/>\n<meta property=\"article:modified_time\" content=\"2025-11-03T19:33:38+00:00\" \/>\n<meta property=\"og:image\" content=\"https:\/\/vielmarketing.com\/wp-content\/uploads\/2024\/03\/1200x628-feature_privacy.jpg\" \/>\n\t<meta property=\"og:image:width\" content=\"1200\" \/>\n\t<meta property=\"og:image:height\" content=\"628\" \/>\n\t<meta property=\"og:image:type\" content=\"image\/jpeg\" \/>\n<meta name=\"twitter:card\" content=\"summary_large_image\" \/>\n<meta name=\"twitter:title\" content=\"Politique_confidentialit\u00e9 - Viel Marketing International, Inc.\" \/>\n<meta name=\"twitter:description\" content=\"Afin de mieux prot\u00e9ger votre vie priv\u00e9e, nous fournissons cet avis expliquant nos pratiques en mati\u00e8re d&#039;information en ligne et les choix que vous pouvez faire.\" \/>\n<meta name=\"twitter:site\" content=\"@Francois_can\" \/>\n<meta name=\"twitter:label1\" content=\"Dur\u00e9e de lecture estim\u00e9e\" \/>\n\t<meta name=\"twitter:data1\" content=\"3 minutes\" \/>\n<script type=\"application\/ld+json\" class=\"yoast-schema-graph\">{\"@context\":\"https:\\\/\\\/schema.org\",\"@graph\":[{\"@type\":\"WebPage\",\"@id\":\"https:\\\/\\\/vielmarketing.com\\\/fr\\\/politique-confidentialite\\\/\",\"url\":\"https:\\\/\\\/vielmarketing.com\\\/fr\\\/politique-confidentialite\\\/\",\"name\":\"Politique de confidentialit\u00e9 - Viel Marketing International, Inc.\",\"isPartOf\":{\"@id\":\"https:\\\/\\\/vielmarketing.com\\\/fr\\\/#website\"},\"primaryImageOfPage\":{\"@id\":\"https:\\\/\\\/vielmarketing.com\\\/fr\\\/politique-confidentialite\\\/#primaryimage\"},\"image\":{\"@id\":\"https:\\\/\\\/vielmarketing.com\\\/fr\\\/politique-confidentialite\\\/#primaryimage\"},\"thumbnailUrl\":\"https:\\\/\\\/vielmarketing.com\\\/wp-content\\\/uploads\\\/2024\\\/03\\\/1200x628-feature_privacy.jpg\",\"datePublished\":\"2021-07-21T21:03:58+00:00\",\"dateModified\":\"2025-11-03T19:33:38+00:00\",\"description\":\"Examinez le site de Viel Marketing International, Inc. Politique de confidentialit\u00e9 pour comprendre comment nous collectons, utilisons et prot\u00e9geons vos donn\u00e9es, y compris l'utilisation du site web et la communication par courrier \u00e9lectronique. Nous nous engageons \u00e0 respecter votre vie priv\u00e9e.\",\"breadcrumb\":{\"@id\":\"https:\\\/\\\/vielmarketing.com\\\/fr\\\/politique-confidentialite\\\/#breadcrumb\"},\"inLanguage\":\"fr-FR\",\"potentialAction\":[{\"@type\":\"ReadAction\",\"target\":[\"https:\\\/\\\/vielmarketing.com\\\/fr\\\/politique-confidentialite\\\/\"]}]},{\"@type\":\"ImageObject\",\"inLanguage\":\"fr-FR\",\"@id\":\"https:\\\/\\\/vielmarketing.com\\\/fr\\\/politique-confidentialite\\\/#primaryimage\",\"url\":\"https:\\\/\\\/vielmarketing.com\\\/wp-content\\\/uploads\\\/2024\\\/03\\\/1200x628-feature_privacy.jpg\",\"contentUrl\":\"https:\\\/\\\/vielmarketing.com\\\/wp-content\\\/uploads\\\/2024\\\/03\\\/1200x628-feature_privacy.jpg\",\"width\":1200,\"height\":628,\"caption\":\"Politique_confidentialit\u00e9\"},{\"@type\":\"BreadcrumbList\",\"@id\":\"https:\\\/\\\/vielmarketing.com\\\/fr\\\/politique-confidentialite\\\/#breadcrumb\",\"itemListElement\":[{\"@type\":\"ListItem\",\"position\":1,\"name\":\"home\",\"item\":\"https:\\\/\\\/vielmarketing.com\\\/fr\\\/strategies-marketing-touristique\\\/\"},{\"@type\":\"ListItem\",\"position\":2,\"name\":\"politique_confidentialit\u00e9\"}]},{\"@type\":\"WebSite\",\"@id\":\"https:\\\/\\\/vielmarketing.com\\\/fr\\\/#website\",\"url\":\"https:\\\/\\\/vielmarketing.com\\\/fr\\\/\",\"name\":\"Vielmarketing.com\",\"description\":\"tourism-tourism-turismo\",\"publisher\":{\"@id\":\"https:\\\/\\\/vielmarketing.com\\\/fr\\\/#organization\"},\"potentialAction\":[{\"@type\":\"SearchAction\",\"target\":{\"@type\":\"EntryPoint\",\"urlTemplate\":\"https:\\\/\\\/vielmarketing.com\\\/fr\\\/?s={search_term_string}\"},\"query-input\":{\"@type\":\"PropertyValueSpecification\",\"valueRequired\":true,\"valueName\":\"search_term_string\"}}],\"inLanguage\":\"fr-FR\"},{\"@type\":\"Organization\",\"@id\":\"https:\\\/\\\/vielmarketing.com\\\/fr\\\/#organization\",\"name\":\"Viel Marketing International, Inc.\",\"url\":\"https:\\\/\\\/vielmarketing.com\\\/fr\\\/\",\"logo\":{\"@type\":\"ImageObject\",\"inLanguage\":\"fr-FR\",\"@id\":\"https:\\\/\\\/vielmarketing.com\\\/fr\\\/#\\\/schema\\\/logo\\\/image\\\/\",\"url\":\"https:\\\/\\\/vielmarketing.com\\\/wp-content\\\/uploads\\\/2021\\\/07\\\/VielMarketing-logo_Less_lowres2.png\",\"contentUrl\":\"https:\\\/\\\/vielmarketing.com\\\/wp-content\\\/uploads\\\/2021\\\/07\\\/VielMarketing-logo_Less_lowres2.png\",\"width\":341,\"height\":315,\"caption\":\"Viel Marketing International, Inc.\"},\"image\":{\"@id\":\"https:\\\/\\\/vielmarketing.com\\\/fr\\\/#\\\/schema\\\/logo\\\/image\\\/\"},\"sameAs\":[\"https:\\\/\\\/www.facebook.com\\\/VielMarketingIntl\",\"https:\\\/\\\/x.com\\\/Francois_can\",\"https:\\\/\\\/www.instagram.com\\\/francois_can\\\/\",\"https:\\\/\\\/www.linkedin.com\\\/company\\\/vielmarketing\"]}]}<\/script>\n<!-- \/ Yoast SEO plugin. -->","yoast_head_json":{"title":"Politique de confidentialit\u00e9 - Viel Marketing International, Inc.","description":"Examinez le site de Viel Marketing International, Inc. Politique de confidentialit\u00e9 pour comprendre comment nous collectons, utilisons et prot\u00e9geons vos donn\u00e9es, y compris l'utilisation du site web et la communication par courrier \u00e9lectronique. Nous nous engageons \u00e0 respecter votre vie priv\u00e9e.","robots":{"index":"noindex","follow":"nofollow"},"og_locale":"fr_FR","og_type":"article","og_title":"Politique_confidentialit\u00e9 - Viel Marketing International, Inc.","og_description":"Afin de mieux prot\u00e9ger votre vie priv\u00e9e, nous fournissons cet avis expliquant nos pratiques en mati\u00e8re d'information en ligne et les choix que vous pouvez faire.","og_url":"https:\/\/vielmarketing.com\/fr\/politique-confidentialite\/","og_site_name":"Viel Marketing International, Inc.","article_publisher":"https:\/\/www.facebook.com\/VielMarketingIntl","article_modified_time":"2025-11-03T19:33:38+00:00","og_image":[{"width":1200,"height":628,"url":"https:\/\/vielmarketing.com\/wp-content\/uploads\/2024\/03\/1200x628-feature_privacy.jpg","type":"image\/jpeg"}],"twitter_card":"summary_large_image","twitter_title":"Politique_confidentialit\u00e9 - Viel Marketing International, Inc.","twitter_description":"Afin de mieux prot\u00e9ger votre vie priv\u00e9e, nous fournissons cet avis expliquant nos pratiques en mati\u00e8re d'information en ligne et les choix que vous pouvez faire.","twitter_site":"@Francois_can","twitter_misc":{"Dur\u00e9e de lecture estim\u00e9e":"3 minutes"},"schema":{"@context":"https:\/\/schema.org","@graph":[{"@type":"WebPage","@id":"https:\/\/vielmarketing.com\/fr\/politique-confidentialite\/","url":"https:\/\/vielmarketing.com\/fr\/politique-confidentialite\/","name":"Politique de confidentialit\u00e9 - Viel Marketing International, Inc.","isPartOf":{"@id":"https:\/\/vielmarketing.com\/fr\/#website"},"primaryImageOfPage":{"@id":"https:\/\/vielmarketing.com\/fr\/politique-confidentialite\/#primaryimage"},"image":{"@id":"https:\/\/vielmarketing.com\/fr\/politique-confidentialite\/#primaryimage"},"thumbnailUrl":"https:\/\/vielmarketing.com\/wp-content\/uploads\/2024\/03\/1200x628-feature_privacy.jpg","datePublished":"2021-07-21T21:03:58+00:00","dateModified":"2025-11-03T19:33:38+00:00","description":"Examinez le site de Viel Marketing International, Inc. Politique de confidentialit\u00e9 pour comprendre comment nous collectons, utilisons et prot\u00e9geons vos donn\u00e9es, y compris l'utilisation du site web et la communication par courrier \u00e9lectronique. Nous nous engageons \u00e0 respecter votre vie priv\u00e9e.","breadcrumb":{"@id":"https:\/\/vielmarketing.com\/fr\/politique-confidentialite\/#breadcrumb"},"inLanguage":"fr-FR","potentialAction":[{"@type":"ReadAction","target":["https:\/\/vielmarketing.com\/fr\/politique-confidentialite\/"]}]},{"@type":"ImageObject","inLanguage":"fr-FR","@id":"https:\/\/vielmarketing.com\/fr\/politique-confidentialite\/#primaryimage","url":"https:\/\/vielmarketing.com\/wp-content\/uploads\/2024\/03\/1200x628-feature_privacy.jpg","contentUrl":"https:\/\/vielmarketing.com\/wp-content\/uploads\/2024\/03\/1200x628-feature_privacy.jpg","width":1200,"height":628,"caption":"Politique_confidentialit\u00e9"},{"@type":"BreadcrumbList","@id":"https:\/\/vielmarketing.com\/fr\/politique-confidentialite\/#breadcrumb","itemListElement":[{"@type":"ListItem","position":1,"name":"home","item":"https:\/\/vielmarketing.com\/fr\/strategies-marketing-touristique\/"},{"@type":"ListItem","position":2,"name":"politique_confidentialit\u00e9"}]},{"@type":"WebSite","@id":"https:\/\/vielmarketing.com\/fr\/#website","url":"https:\/\/vielmarketing.com\/fr\/","name":"Vielmarketing.com","description":"tourism-tourism-turismo","publisher":{"@id":"https:\/\/vielmarketing.com\/fr\/#organization"},"potentialAction":[{"@type":"SearchAction","target":{"@type":"EntryPoint","urlTemplate":"https:\/\/vielmarketing.com\/fr\/?s={search_term_string}"},"query-input":{"@type":"PropertyValueSpecification","valueRequired":true,"valueName":"search_term_string"}}],"inLanguage":"fr-FR"},{"@type":"Organization","@id":"https:\/\/vielmarketing.com\/fr\/#organization","name":"Viel Marketing International, Inc.","url":"https:\/\/vielmarketing.com\/fr\/","logo":{"@type":"ImageObject","inLanguage":"fr-FR","@id":"https:\/\/vielmarketing.com\/fr\/#\/schema\/logo\/image\/","url":"https:\/\/vielmarketing.com\/wp-content\/uploads\/2021\/07\/VielMarketing-logo_Less_lowres2.png","contentUrl":"https:\/\/vielmarketing.com\/wp-content\/uploads\/2021\/07\/VielMarketing-logo_Less_lowres2.png","width":341,"height":315,"caption":"Viel Marketing International, Inc."},"image":{"@id":"https:\/\/vielmarketing.com\/fr\/#\/schema\/logo\/image\/"},"sameAs":["https:\/\/www.facebook.com\/VielMarketingIntl","https:\/\/x.com\/Francois_can","https:\/\/www.instagram.com\/francois_can\/","https:\/\/www.linkedin.com\/company\/vielmarketing"]}]}},"_links":{"self":[{"href":"https:\/\/vielmarketing.com\/fr\/wp-json\/wp\/v2\/pages\/17881","targetHints":{"allow":["GET"]}}],"collection":[{"href":"https:\/\/vielmarketing.com\/fr\/wp-json\/wp\/v2\/pages"}],"about":[{"href":"https:\/\/vielmarketing.com\/fr\/wp-json\/wp\/v2\/types\/page"}],"author":[{"embeddable":true,"href":"https:\/\/vielmarketing.com\/fr\/wp-json\/wp\/v2\/users\/1"}],"replies":[{"embeddable":true,"href":"https:\/\/vielmarketing.com\/fr\/wp-json\/wp\/v2\/comments?post=17881"}],"version-history":[{"count":2,"href":"https:\/\/vielmarketing.com\/fr\/wp-json\/wp\/v2\/pages\/17881\/revisions"}],"predecessor-version":[{"id":38858,"href":"https:\/\/vielmarketing.com\/fr\/wp-json\/wp\/v2\/pages\/17881\/revisions\/38858"}],"wp:featuredmedia":[{"embeddable":true,"href":"https:\/\/vielmarketing.com\/fr\/wp-json\/wp\/v2\/media\/32813"}],"wp:attachment":[{"href":"https:\/\/vielmarketing.com\/fr\/wp-json\/wp\/v2\/media?parent=17881"}],"curies":[{"name":"wp","href":"https:\/\/api.w.org\/{rel}","templated":true}]}}