{"id":17877,"date":"2021-07-21T16:56:19","date_gmt":"2021-07-21T20:56:19","guid":{"rendered":"http:\/\/vielmarketing.com\/cookie\/"},"modified":"2025-11-05T16:09:40","modified_gmt":"2025-11-05T21:09:40","slug":"politique-cookies","status":"publish","type":"page","link":"https:\/\/vielmarketing.com\/fr\/politique-cookies\/","title":{"rendered":"Politique Des Cookies"},"content":{"rendered":"\t\t<div data-elementor-type=\"wp-page\" data-elementor-id=\"17877\" class=\"elementor elementor-17877 elementor-17534\" data-elementor-post-type=\"page\">\n\t\t\t\t\t\t<section class=\"elementor-section elementor-top-section elementor-element elementor-element-1d1e3e77 elementor-section-content-middle elementor-section-boxed elementor-section-height-default elementor-section-height-default\" data-id=\"1d1e3e77\" data-element_type=\"section\" data-e-type=\"section\">\n\t\t\t\t\t\t<div class=\"elementor-container elementor-column-gap-default\">\n\t\t\t\t\t<div class=\"elementor-column elementor-col-100 elementor-top-column elementor-element elementor-element-2a7c1795\" data-id=\"2a7c1795\" data-element_type=\"column\" data-e-type=\"column\">\n\t\t\t<div class=\"elementor-widget-wrap elementor-element-populated\">\n\t\t\t\t\t\t<div class=\"elementor-element elementor-element-5877c755 elementor-widget elementor-widget-heading\" data-id=\"5877c755\" data-element_type=\"widget\" data-e-type=\"widget\" data-widget_type=\"heading.default\">\n\t\t\t\t<div class=\"elementor-widget-container\">\n\t\t\t\t\t<h1 class=\"elementor-heading-title elementor-size-default\">Politique Des Cookies<\/h1>\t\t\t\t<\/div>\n\t\t\t\t<\/div>\n\t\t\t\t\t<\/div>\n\t\t<\/div>\n\t\t\t\t\t<\/div>\n\t\t<\/section>\n\t\t\t\t<section class=\"elementor-section elementor-top-section elementor-element elementor-element-a7cb2e4 elementor-section-content-middle elementor-section-boxed elementor-section-height-default elementor-section-height-default\" data-id=\"a7cb2e4\" data-element_type=\"section\" data-e-type=\"section\">\n\t\t\t\t\t\t<div class=\"elementor-container elementor-column-gap-default\">\n\t\t\t\t\t<div class=\"elementor-column elementor-col-25 elementor-top-column elementor-element elementor-element-957bd53\" data-id=\"957bd53\" data-element_type=\"column\" data-e-type=\"column\">\n\t\t\t<div class=\"elementor-widget-wrap\">\n\t\t\t\t\t\t\t<\/div>\n\t\t<\/div>\n\t\t\t\t<div class=\"elementor-column elementor-col-25 elementor-top-column elementor-element elementor-element-d2e26dc\" data-id=\"d2e26dc\" data-element_type=\"column\" data-e-type=\"column\">\n\t\t\t<div class=\"elementor-widget-wrap elementor-element-populated\">\n\t\t\t\t\t\t<div class=\"elementor-element elementor-element-aeff93f elementor-widget elementor-widget-text-editor\" data-id=\"aeff93f\" data-element_type=\"widget\" data-e-type=\"widget\" data-widget_type=\"text-editor.default\">\n\t\t\t\t<div class=\"elementor-widget-container\">\n\t\t\t\t\t\t\t\t\t<p data-sourcepos=\"3:1-3:181\">Viel Marketing International, Inc. (<a class=\"ng-star-inserted\" href=\"https:\/\/vielmarketing.com\/fr\/\" target=\"_blank\" rel=\"noopener\">vielmarketing.com<\/a>) utilise des cookies pour am\u00e9liorer l&rsquo;exp\u00e9rience utilisateur et optimiser les performances du site web.<\/p><p align=\"  justify\"><strong>Utilisation des cookies<\/strong><\/p><p>Les cookies sont de petits fichiers de donn\u00e9es stock\u00e9s sur votre appareil. Nous les utilisons pour m\u00e9moriser les soumissions de formulaires et analyser l&rsquo;utilisation du site \u00e0 l&rsquo;aide d&rsquo;outils tels que Google Analytics. Cela nous aide \u00e0 optimiser le contenu et les fonctionnalit\u00e9s.  <\/p><p align=\"  justify\"><strong>Gestion des cookies<\/strong><\/p><p>Vous pouvez contr\u00f4ler ou d\u00e9sactiver les cookies via les param\u00e8tres de votre navigateur. Sachez toutefois que cela peut affecter les performances du site et limiter certaines fonctionnalit\u00e9s. <\/p><p align=\"  justify\"><strong>Cookies de tierces parties<\/strong><\/p><p>Nous utilisons Google Analytics pour collecter des donn\u00e9es anonymes sur l&rsquo;utilisation du site Web. Pour plus d&rsquo;informations, veuillez consulter la politique de confidentialit\u00e9 de Google Analytics. <\/p><p align=\"  justify\"><strong>Contact<\/strong><\/p><p>Pour toute question ou suggestion de mise \u00e0 jour, veuillez nous <a href=\"https:\/\/vielmarketing.com\/fr\/contactez-nous-contact-us\/\" target=\"_blank\" rel=\"noopener\">contacter<\/a> directement.<\/p>\t\t\t\t\t\t\t\t<\/div>\n\t\t\t\t<\/div>\n\t\t\t\t\t<\/div>\n\t\t<\/div>\n\t\t\t\t<div class=\"elementor-column elementor-col-25 elementor-top-column elementor-element elementor-element-0426db7\" data-id=\"0426db7\" data-element_type=\"column\" data-e-type=\"column\">\n\t\t\t<div class=\"elementor-widget-wrap elementor-element-populated\">\n\t\t\t\t\t\t<div class=\"elementor-element elementor-element-3fabb2b elementor-widget elementor-widget-image\" data-id=\"3fabb2b\" data-element_type=\"widget\" data-e-type=\"widget\" data-widget_type=\"image.default\">\n\t\t\t\t<div class=\"elementor-widget-container\">\n\t\t\t\t\t\t\t\t\t\t\t\t\t\t\t<img fetchpriority=\"high\" decoding=\"async\" width=\"300\" height=\"300\" src=\"https:\/\/vielmarketing.com\/wp-content\/uploads\/2025\/10\/dog.png\" class=\"attachment-full size-full wp-image-37332\" alt=\"Image de la page de la politique des cookies\" srcset=\"https:\/\/vielmarketing.com\/wp-content\/uploads\/2025\/10\/dog.png 300w, https:\/\/vielmarketing.com\/wp-content\/uploads\/2025\/10\/dog-150x150.png 150w\" sizes=\"(max-width: 300px) 100vw, 300px\" \/>\t\t\t\t\t\t\t\t\t\t\t\t\t\t\t<\/div>\n\t\t\t\t<\/div>\n\t\t\t\t\t<\/div>\n\t\t<\/div>\n\t\t\t\t<div class=\"elementor-column elementor-col-25 elementor-top-column elementor-element elementor-element-6474a90\" data-id=\"6474a90\" data-element_type=\"column\" data-e-type=\"column\">\n\t\t\t<div class=\"elementor-widget-wrap\">\n\t\t\t\t\t\t\t<\/div>\n\t\t<\/div>\n\t\t\t\t\t<\/div>\n\t\t<\/section>\n\t\t\t\t<section class=\"elementor-section elementor-top-section elementor-element elementor-element-7d8451fd elementor-section-content-middle elementor-section-boxed elementor-section-height-default elementor-section-height-default\" data-id=\"7d8451fd\" data-element_type=\"section\" data-e-type=\"section\">\n\t\t\t\t\t\t<div class=\"elementor-container elementor-column-gap-default\">\n\t\t\t\t\t<div class=\"elementor-column elementor-col-100 elementor-top-column elementor-element elementor-element-5642504f\" data-id=\"5642504f\" data-element_type=\"column\" data-e-type=\"column\">\n\t\t\t<div class=\"elementor-widget-wrap elementor-element-populated\">\n\t\t\t\t\t\t<div class=\"elementor-element elementor-element-6f4e2f1a elementor-widget elementor-widget-text-editor\" data-id=\"6f4e2f1a\" data-element_type=\"widget\" data-e-type=\"widget\" data-widget_type=\"text-editor.default\">\n\t\t\t\t<div class=\"elementor-widget-container\">\n\t\t\t\t\t\t\t\t\t<p>Photo credit: Shutterstock<\/p>\t\t\t\t\t\t\t\t<\/div>\n\t\t\t\t<\/div>\n\t\t\t\t\t<\/div>\n\t\t<\/div>\n\t\t\t\t\t<\/div>\n\t\t<\/section>\n\t\t\t\t<\/div>\n\t\t","protected":false},"excerpt":{"rendered":"<p>Politique Des Cookies Viel Marketing International, Inc. (vielmarketing.com) utilise des cookies pour am\u00e9liorer l&rsquo;exp\u00e9rience utilisateur et optimiser les performances du site web. Utilisation des cookies Les cookies sont de petits fichiers de donn\u00e9es stock\u00e9s sur votre appareil. Nous les utilisons pour m\u00e9moriser les soumissions de formulaires et analyser l&rsquo;utilisation du site \u00e0 l&rsquo;aide d&rsquo;outils tels [&hellip;]<\/p>\n","protected":false},"author":1,"featured_media":32809,"parent":0,"menu_order":0,"comment_status":"closed","ping_status":"closed","template":"","meta":{"footnotes":""},"class_list":["post-17877","page","type-page","status-publish","has-post-thumbnail","hentry"],"yoast_head":"<!-- This site is optimized with the Yoast SEO plugin v27.4 - https:\/\/yoast.com\/product\/yoast-seo-wordpress\/ -->\n<title>Politique en mati\u00e8re de cookies - Viel Marketing International, Inc.<\/title>\n<meta name=\"description\" content=\"D\u00e9couvrez comment Viel Marketing International utilise les cookies pour am\u00e9liorer votre exp\u00e9rience utilisateur, m\u00e9moriser vos soumissions et analyser les performances du site. D\u00e9couvrez comment g\u00e9rer vos pr\u00e9f\u00e9rences en mati\u00e8re de cookies.\" \/>\n<meta name=\"robots\" content=\"noindex, follow\" \/>\n<meta property=\"og:locale\" content=\"fr_FR\" \/>\n<meta property=\"og:type\" content=\"article\" \/>\n<meta property=\"og:title\" content=\"Cookie Policy - Viel Marketing International, Inc.\" \/>\n<meta property=\"og:description\" content=\"Les cookies de m\u00e9dias sociaux sont des cookies utilis\u00e9s pour connecter un site web \u00e0 une plateforme de m\u00e9dias sociaux tierce.\" \/>\n<meta property=\"og:url\" content=\"https:\/\/vielmarketing.com\/fr\/politique-cookies\/\" \/>\n<meta property=\"og:site_name\" content=\"Viel Marketing International, Inc.\" \/>\n<meta property=\"article:publisher\" content=\"https:\/\/www.facebook.com\/VielMarketingIntl\" \/>\n<meta property=\"article:modified_time\" content=\"2025-11-05T21:09:40+00:00\" \/>\n<meta property=\"og:image\" content=\"https:\/\/vielmarketing.com\/wp-content\/uploads\/2024\/03\/1200x628-featured_cookie.jpg\" \/>\n\t<meta property=\"og:image:width\" content=\"1200\" \/>\n\t<meta property=\"og:image:height\" content=\"628\" \/>\n\t<meta property=\"og:image:type\" content=\"image\/jpeg\" \/>\n<meta name=\"twitter:card\" content=\"summary_large_image\" \/>\n<meta name=\"twitter:title\" content=\"Politique Des Cookies - Viel Marketing International, Inc.\" \/>\n<meta name=\"twitter:description\" content=\"Les cookies de m\u00e9dias sociaux sont des cookies utilis\u00e9s pour connecter un site web \u00e0 une plateforme de m\u00e9dias sociaux tierce.\" \/>\n<meta name=\"twitter:site\" content=\"@Francois_can\" \/>\n<meta name=\"twitter:label1\" content=\"Dur\u00e9e de lecture estim\u00e9e\" \/>\n\t<meta name=\"twitter:data1\" content=\"3 minutes\" \/>\n<script type=\"application\/ld+json\" class=\"yoast-schema-graph\">{\"@context\":\"https:\\\/\\\/schema.org\",\"@graph\":[{\"@type\":\"WebPage\",\"@id\":\"https:\\\/\\\/vielmarketing.com\\\/fr\\\/politique-cookies\\\/\",\"url\":\"https:\\\/\\\/vielmarketing.com\\\/fr\\\/politique-cookies\\\/\",\"name\":\"Politique en mati\u00e8re de cookies - Viel Marketing International, Inc.\",\"isPartOf\":{\"@id\":\"https:\\\/\\\/vielmarketing.com\\\/fr\\\/#website\"},\"primaryImageOfPage\":{\"@id\":\"https:\\\/\\\/vielmarketing.com\\\/fr\\\/politique-cookies\\\/#primaryimage\"},\"image\":{\"@id\":\"https:\\\/\\\/vielmarketing.com\\\/fr\\\/politique-cookies\\\/#primaryimage\"},\"thumbnailUrl\":\"https:\\\/\\\/vielmarketing.com\\\/wp-content\\\/uploads\\\/2024\\\/03\\\/1200x628-featured_cookie.jpg\",\"datePublished\":\"2021-07-21T20:56:19+00:00\",\"dateModified\":\"2025-11-05T21:09:40+00:00\",\"description\":\"D\u00e9couvrez comment Viel Marketing International utilise les cookies pour am\u00e9liorer votre exp\u00e9rience utilisateur, m\u00e9moriser vos soumissions et analyser les performances du site. D\u00e9couvrez comment g\u00e9rer vos pr\u00e9f\u00e9rences en mati\u00e8re de cookies.\",\"breadcrumb\":{\"@id\":\"https:\\\/\\\/vielmarketing.com\\\/fr\\\/politique-cookies\\\/#breadcrumb\"},\"inLanguage\":\"fr-FR\",\"potentialAction\":[{\"@type\":\"ReadAction\",\"target\":[\"https:\\\/\\\/vielmarketing.com\\\/fr\\\/politique-cookies\\\/\"]}]},{\"@type\":\"ImageObject\",\"inLanguage\":\"fr-FR\",\"@id\":\"https:\\\/\\\/vielmarketing.com\\\/fr\\\/politique-cookies\\\/#primaryimage\",\"url\":\"https:\\\/\\\/vielmarketing.com\\\/wp-content\\\/uploads\\\/2024\\\/03\\\/1200x628-featured_cookie.jpg\",\"contentUrl\":\"https:\\\/\\\/vielmarketing.com\\\/wp-content\\\/uploads\\\/2024\\\/03\\\/1200x628-featured_cookie.jpg\",\"width\":1200,\"height\":628},{\"@type\":\"BreadcrumbList\",\"@id\":\"https:\\\/\\\/vielmarketing.com\\\/fr\\\/politique-cookies\\\/#breadcrumb\",\"itemListElement\":[{\"@type\":\"ListItem\",\"position\":1,\"name\":\"home\",\"item\":\"https:\\\/\\\/vielmarketing.com\\\/fr\\\/strategies-marketing-touristique\\\/\"},{\"@type\":\"ListItem\",\"position\":2,\"name\":\"politique_cookie\"}]},{\"@type\":\"WebSite\",\"@id\":\"https:\\\/\\\/vielmarketing.com\\\/fr\\\/#website\",\"url\":\"https:\\\/\\\/vielmarketing.com\\\/fr\\\/\",\"name\":\"Vielmarketing.com\",\"description\":\"tourism-tourism-turismo\",\"publisher\":{\"@id\":\"https:\\\/\\\/vielmarketing.com\\\/fr\\\/#organization\"},\"potentialAction\":[{\"@type\":\"SearchAction\",\"target\":{\"@type\":\"EntryPoint\",\"urlTemplate\":\"https:\\\/\\\/vielmarketing.com\\\/fr\\\/?s={search_term_string}\"},\"query-input\":{\"@type\":\"PropertyValueSpecification\",\"valueRequired\":true,\"valueName\":\"search_term_string\"}}],\"inLanguage\":\"fr-FR\"},{\"@type\":\"Organization\",\"@id\":\"https:\\\/\\\/vielmarketing.com\\\/fr\\\/#organization\",\"name\":\"Viel Marketing International, Inc.\",\"url\":\"https:\\\/\\\/vielmarketing.com\\\/fr\\\/\",\"logo\":{\"@type\":\"ImageObject\",\"inLanguage\":\"fr-FR\",\"@id\":\"https:\\\/\\\/vielmarketing.com\\\/fr\\\/#\\\/schema\\\/logo\\\/image\\\/\",\"url\":\"https:\\\/\\\/vielmarketing.com\\\/wp-content\\\/uploads\\\/2021\\\/07\\\/VielMarketing-logo_Less_lowres2.png\",\"contentUrl\":\"https:\\\/\\\/vielmarketing.com\\\/wp-content\\\/uploads\\\/2021\\\/07\\\/VielMarketing-logo_Less_lowres2.png\",\"width\":341,\"height\":315,\"caption\":\"Viel Marketing International, Inc.\"},\"image\":{\"@id\":\"https:\\\/\\\/vielmarketing.com\\\/fr\\\/#\\\/schema\\\/logo\\\/image\\\/\"},\"sameAs\":[\"https:\\\/\\\/www.facebook.com\\\/VielMarketingIntl\",\"https:\\\/\\\/x.com\\\/Francois_can\",\"https:\\\/\\\/www.instagram.com\\\/francois_can\\\/\",\"https:\\\/\\\/www.linkedin.com\\\/company\\\/vielmarketing\"]}]}<\/script>\n<!-- \/ Yoast SEO plugin. -->","yoast_head_json":{"title":"Politique en mati\u00e8re de cookies - Viel Marketing International, Inc.","description":"D\u00e9couvrez comment Viel Marketing International utilise les cookies pour am\u00e9liorer votre exp\u00e9rience utilisateur, m\u00e9moriser vos soumissions et analyser les performances du site. D\u00e9couvrez comment g\u00e9rer vos pr\u00e9f\u00e9rences en mati\u00e8re de cookies.","robots":{"index":"noindex","follow":"follow"},"og_locale":"fr_FR","og_type":"article","og_title":"Cookie Policy - Viel Marketing International, Inc.","og_description":"Les cookies de m\u00e9dias sociaux sont des cookies utilis\u00e9s pour connecter un site web \u00e0 une plateforme de m\u00e9dias sociaux tierce.","og_url":"https:\/\/vielmarketing.com\/fr\/politique-cookies\/","og_site_name":"Viel Marketing International, Inc.","article_publisher":"https:\/\/www.facebook.com\/VielMarketingIntl","article_modified_time":"2025-11-05T21:09:40+00:00","og_image":[{"width":1200,"height":628,"url":"https:\/\/vielmarketing.com\/wp-content\/uploads\/2024\/03\/1200x628-featured_cookie.jpg","type":"image\/jpeg"}],"twitter_card":"summary_large_image","twitter_title":"Politique Des Cookies - Viel Marketing International, Inc.","twitter_description":"Les cookies de m\u00e9dias sociaux sont des cookies utilis\u00e9s pour connecter un site web \u00e0 une plateforme de m\u00e9dias sociaux tierce.","twitter_site":"@Francois_can","twitter_misc":{"Dur\u00e9e de lecture estim\u00e9e":"3 minutes"},"schema":{"@context":"https:\/\/schema.org","@graph":[{"@type":"WebPage","@id":"https:\/\/vielmarketing.com\/fr\/politique-cookies\/","url":"https:\/\/vielmarketing.com\/fr\/politique-cookies\/","name":"Politique en mati\u00e8re de cookies - Viel Marketing International, Inc.","isPartOf":{"@id":"https:\/\/vielmarketing.com\/fr\/#website"},"primaryImageOfPage":{"@id":"https:\/\/vielmarketing.com\/fr\/politique-cookies\/#primaryimage"},"image":{"@id":"https:\/\/vielmarketing.com\/fr\/politique-cookies\/#primaryimage"},"thumbnailUrl":"https:\/\/vielmarketing.com\/wp-content\/uploads\/2024\/03\/1200x628-featured_cookie.jpg","datePublished":"2021-07-21T20:56:19+00:00","dateModified":"2025-11-05T21:09:40+00:00","description":"D\u00e9couvrez comment Viel Marketing International utilise les cookies pour am\u00e9liorer votre exp\u00e9rience utilisateur, m\u00e9moriser vos soumissions et analyser les performances du site. D\u00e9couvrez comment g\u00e9rer vos pr\u00e9f\u00e9rences en mati\u00e8re de cookies.","breadcrumb":{"@id":"https:\/\/vielmarketing.com\/fr\/politique-cookies\/#breadcrumb"},"inLanguage":"fr-FR","potentialAction":[{"@type":"ReadAction","target":["https:\/\/vielmarketing.com\/fr\/politique-cookies\/"]}]},{"@type":"ImageObject","inLanguage":"fr-FR","@id":"https:\/\/vielmarketing.com\/fr\/politique-cookies\/#primaryimage","url":"https:\/\/vielmarketing.com\/wp-content\/uploads\/2024\/03\/1200x628-featured_cookie.jpg","contentUrl":"https:\/\/vielmarketing.com\/wp-content\/uploads\/2024\/03\/1200x628-featured_cookie.jpg","width":1200,"height":628},{"@type":"BreadcrumbList","@id":"https:\/\/vielmarketing.com\/fr\/politique-cookies\/#breadcrumb","itemListElement":[{"@type":"ListItem","position":1,"name":"home","item":"https:\/\/vielmarketing.com\/fr\/strategies-marketing-touristique\/"},{"@type":"ListItem","position":2,"name":"politique_cookie"}]},{"@type":"WebSite","@id":"https:\/\/vielmarketing.com\/fr\/#website","url":"https:\/\/vielmarketing.com\/fr\/","name":"Vielmarketing.com","description":"tourism-tourism-turismo","publisher":{"@id":"https:\/\/vielmarketing.com\/fr\/#organization"},"potentialAction":[{"@type":"SearchAction","target":{"@type":"EntryPoint","urlTemplate":"https:\/\/vielmarketing.com\/fr\/?s={search_term_string}"},"query-input":{"@type":"PropertyValueSpecification","valueRequired":true,"valueName":"search_term_string"}}],"inLanguage":"fr-FR"},{"@type":"Organization","@id":"https:\/\/vielmarketing.com\/fr\/#organization","name":"Viel Marketing International, Inc.","url":"https:\/\/vielmarketing.com\/fr\/","logo":{"@type":"ImageObject","inLanguage":"fr-FR","@id":"https:\/\/vielmarketing.com\/fr\/#\/schema\/logo\/image\/","url":"https:\/\/vielmarketing.com\/wp-content\/uploads\/2021\/07\/VielMarketing-logo_Less_lowres2.png","contentUrl":"https:\/\/vielmarketing.com\/wp-content\/uploads\/2021\/07\/VielMarketing-logo_Less_lowres2.png","width":341,"height":315,"caption":"Viel Marketing International, Inc."},"image":{"@id":"https:\/\/vielmarketing.com\/fr\/#\/schema\/logo\/image\/"},"sameAs":["https:\/\/www.facebook.com\/VielMarketingIntl","https:\/\/x.com\/Francois_can","https:\/\/www.instagram.com\/francois_can\/","https:\/\/www.linkedin.com\/company\/vielmarketing"]}]}},"_links":{"self":[{"href":"https:\/\/vielmarketing.com\/fr\/wp-json\/wp\/v2\/pages\/17877","targetHints":{"allow":["GET"]}}],"collection":[{"href":"https:\/\/vielmarketing.com\/fr\/wp-json\/wp\/v2\/pages"}],"about":[{"href":"https:\/\/vielmarketing.com\/fr\/wp-json\/wp\/v2\/types\/page"}],"author":[{"embeddable":true,"href":"https:\/\/vielmarketing.com\/fr\/wp-json\/wp\/v2\/users\/1"}],"replies":[{"embeddable":true,"href":"https:\/\/vielmarketing.com\/fr\/wp-json\/wp\/v2\/comments?post=17877"}],"version-history":[{"count":1,"href":"https:\/\/vielmarketing.com\/fr\/wp-json\/wp\/v2\/pages\/17877\/revisions"}],"predecessor-version":[{"id":38895,"href":"https:\/\/vielmarketing.com\/fr\/wp-json\/wp\/v2\/pages\/17877\/revisions\/38895"}],"wp:featuredmedia":[{"embeddable":true,"href":"https:\/\/vielmarketing.com\/fr\/wp-json\/wp\/v2\/media\/32809"}],"wp:attachment":[{"href":"https:\/\/vielmarketing.com\/fr\/wp-json\/wp\/v2\/media?parent=17877"}],"curies":[{"name":"wp","href":"https:\/\/api.w.org\/{rel}","templated":true}]}}