{"id":17660,"date":"2025-11-03T11:07:55","date_gmt":"2025-11-03T16:07:55","guid":{"rendered":"http:\/\/vielmarketing.com\/contactez-nous\/"},"modified":"2026-01-25T10:56:17","modified_gmt":"2026-01-25T15:56:17","slug":"contactez-nous-contact-us","status":"publish","type":"page","link":"https:\/\/vielmarketing.com\/fr\/contactez-nous-contact-us\/","title":{"rendered":"Contact"},"content":{"rendered":"\t\t<div data-elementor-type=\"wp-post\" data-elementor-id=\"17660\" class=\"elementor elementor-17660 elementor-297\" data-elementor-post-type=\"page\">\n\t\t\t\t\t\t<section class=\"elementor-section elementor-top-section elementor-element elementor-element-2094c62a elementor-section-content-middle elementor-section-boxed elementor-section-height-default elementor-section-height-default\" data-id=\"2094c62a\" data-element_type=\"section\" data-e-type=\"section\">\n\t\t\t\t\t\t<div class=\"elementor-container elementor-column-gap-default\">\n\t\t\t\t\t<div class=\"elementor-column elementor-col-100 elementor-top-column elementor-element elementor-element-508a1831\" data-id=\"508a1831\" data-element_type=\"column\" data-e-type=\"column\">\n\t\t\t<div class=\"elementor-widget-wrap elementor-element-populated\">\n\t\t\t\t\t\t<div class=\"elementor-element elementor-element-757c1221 elementor-widget elementor-widget-heading\" data-id=\"757c1221\" data-element_type=\"widget\" data-e-type=\"widget\" data-widget_type=\"heading.default\">\n\t\t\t\t<div class=\"elementor-widget-container\">\n\t\t\t\t\t<h1 class=\"elementor-heading-title elementor-size-default\">Contact<\/h1>\t\t\t\t<\/div>\n\t\t\t\t<\/div>\n\t\t\t\t\t<\/div>\n\t\t<\/div>\n\t\t\t\t\t<\/div>\n\t\t<\/section>\n\t\t\t\t<section class=\"elementor-section elementor-top-section elementor-element elementor-element-3907796 elementor-section-content-middle elementor-section-boxed elementor-section-height-default elementor-section-height-default\" data-id=\"3907796\" data-element_type=\"section\" data-e-type=\"section\">\n\t\t\t\t\t\t<div class=\"elementor-container elementor-column-gap-default\">\n\t\t\t\t\t<div class=\"elementor-column elementor-col-100 elementor-top-column elementor-element elementor-element-469776d9\" data-id=\"469776d9\" data-element_type=\"column\" data-e-type=\"column\">\n\t\t\t<div class=\"elementor-widget-wrap elementor-element-populated\">\n\t\t\t\t\t\t<div class=\"elementor-element elementor-element-2ad7327d elementor-widget elementor-widget-text-editor\" data-id=\"2ad7327d\" data-element_type=\"widget\" data-e-type=\"widget\" data-widget_type=\"text-editor.default\">\n\t\t\t\t<div class=\"elementor-widget-container\">\n\t\t\t\t\t\t\t\t\t<h2>Localisation<\/h2>\t\t\t\t\t\t\t\t<\/div>\n\t\t\t\t<\/div>\n\t\t\t\t\t<\/div>\n\t\t<\/div>\n\t\t\t\t\t<\/div>\n\t\t<\/section>\n\t\t\t\t<section class=\"elementor-section elementor-top-section elementor-element elementor-element-3462ad4 elementor-section-content-middle elementor-section-boxed elementor-section-height-default elementor-section-height-default\" data-id=\"3462ad4\" data-element_type=\"section\" data-e-type=\"section\">\n\t\t\t\t\t\t<div class=\"elementor-container elementor-column-gap-default\">\n\t\t\t\t\t<div class=\"elementor-column elementor-col-25 elementor-top-column elementor-element elementor-element-5d5bd6f\" data-id=\"5d5bd6f\" data-element_type=\"column\" data-e-type=\"column\">\n\t\t\t<div class=\"elementor-widget-wrap\">\n\t\t\t\t\t\t\t<\/div>\n\t\t<\/div>\n\t\t\t\t<div class=\"elementor-column elementor-col-25 elementor-top-column elementor-element elementor-element-c2a8f81\" data-id=\"c2a8f81\" data-element_type=\"column\" data-e-type=\"column\">\n\t\t\t<div class=\"elementor-widget-wrap elementor-element-populated\">\n\t\t\t\t\t\t<div class=\"elementor-element elementor-element-0768a49 elementor-widget elementor-widget-image\" data-id=\"0768a49\" data-element_type=\"widget\" data-e-type=\"widget\" data-widget_type=\"image.default\">\n\t\t\t\t<div class=\"elementor-widget-container\">\n\t\t\t\t\t\t\t\t\t\t\t\t\t\t\t<img fetchpriority=\"high\" decoding=\"async\" width=\"300\" height=\"300\" src=\"https:\/\/vielmarketing.com\/wp-content\/uploads\/2025\/10\/letterbox.png\" class=\"attachment-full size-full wp-image-37307\" alt=\"Image de la page Contact\" srcset=\"https:\/\/vielmarketing.com\/wp-content\/uploads\/2025\/10\/letterbox.png 300w, https:\/\/vielmarketing.com\/wp-content\/uploads\/2025\/10\/letterbox-150x150.png 150w\" sizes=\"(max-width: 300px) 100vw, 300px\" \/>\t\t\t\t\t\t\t\t\t\t\t\t\t\t\t<\/div>\n\t\t\t\t<\/div>\n\t\t\t\t\t<\/div>\n\t\t<\/div>\n\t\t\t\t<div class=\"elementor-column elementor-col-25 elementor-top-column elementor-element elementor-element-9b93853\" data-id=\"9b93853\" data-element_type=\"column\" data-e-type=\"column\">\n\t\t\t<div class=\"elementor-widget-wrap elementor-element-populated\">\n\t\t\t\t\t\t<div class=\"elementor-element elementor-element-7db1a17c elementor-widget elementor-widget-text-editor\" data-id=\"7db1a17c\" data-element_type=\"widget\" data-e-type=\"widget\" data-widget_type=\"text-editor.default\">\n\t\t\t\t<div class=\"elementor-widget-container\">\n\t\t\t\t\t\t\t\t\t<p>Toronto, Ontario Canada<\/p><p><a href=\"https:\/\/www.vielmarketing.com\" target=\"_blank\" rel=\"noopener\">www.vielmarketing.com<\/a><\/p>\t\t\t\t\t\t\t\t<\/div>\n\t\t\t\t<\/div>\n\t\t\t\t<div class=\"elementor-element elementor-element-aadbdca elementor-align-left elementor-widget elementor-widget-global elementor-global-38224 elementor-global-37880 elementor-widget-button\" data-id=\"aadbdca\" data-element_type=\"widget\" data-e-type=\"widget\" data-widget_type=\"button.default\">\n\t\t\t\t<div class=\"elementor-widget-container\">\n\t\t\t\t\t\t\t\t\t<div class=\"elementor-button-wrapper\">\n\t\t\t\t\t<a class=\"elementor-button elementor-button-link elementor-size-sm\" href=\"mailto:contact@vielmarketing.com?subject=Contact%20Page\" id=\"Contact us\">\n\t\t\t\t\t\t<span class=\"elementor-button-content-wrapper\">\n\t\t\t\t\t\t<span class=\"elementor-button-icon\">\n\t\t\t\t<i aria-hidden=\"true\" class=\"fas fa-envelope-open-text\"><\/i>\t\t\t<\/span>\n\t\t\t\t\t\t\t\t\t<span class=\"elementor-button-text\">Contactez-nous<\/span>\n\t\t\t\t\t<\/span>\n\t\t\t\t\t<\/a>\n\t\t\t\t<\/div>\n\t\t\t\t\t\t\t\t<\/div>\n\t\t\t\t<\/div>\n\t\t\t\t\t<\/div>\n\t\t<\/div>\n\t\t\t\t<div class=\"elementor-column elementor-col-25 elementor-top-column elementor-element elementor-element-f947efc\" data-id=\"f947efc\" data-element_type=\"column\" data-e-type=\"column\">\n\t\t\t<div class=\"elementor-widget-wrap\">\n\t\t\t\t\t\t\t<\/div>\n\t\t<\/div>\n\t\t\t\t\t<\/div>\n\t\t<\/section>\n\t\t\t\t<section class=\"elementor-section elementor-top-section elementor-element elementor-element-3586a484 elementor-section-content-middle elementor-section-boxed elementor-section-height-default elementor-section-height-default\" data-id=\"3586a484\" data-element_type=\"section\" data-e-type=\"section\">\n\t\t\t\t\t\t<div class=\"elementor-container elementor-column-gap-default\">\n\t\t\t\t\t<div class=\"elementor-column elementor-col-100 elementor-top-column elementor-element elementor-element-12b1112\" data-id=\"12b1112\" data-element_type=\"column\" data-e-type=\"column\">\n\t\t\t<div class=\"elementor-widget-wrap elementor-element-populated\">\n\t\t\t\t\t\t<div class=\"elementor-element elementor-element-7d37d7a9 elementor-widget elementor-widget-text-editor\" data-id=\"7d37d7a9\" data-element_type=\"widget\" data-e-type=\"widget\" data-widget_type=\"text-editor.default\">\n\t\t\t\t<div class=\"elementor-widget-container\">\n\t\t\t\t\t\t\t\t\t<p>Photo credit: Shutterstock<\/p>\t\t\t\t\t\t\t\t<\/div>\n\t\t\t\t<\/div>\n\t\t\t\t\t<\/div>\n\t\t<\/div>\n\t\t\t\t\t<\/div>\n\t\t<\/section>\n\t\t\t\t<\/div>\n\t\t","protected":false},"excerpt":{"rendered":"<p>Contact Localisation Toronto, Ontario Canada www.vielmarketing.com Contact Us Photo credit: Shutterstock<\/p>\n","protected":false},"author":1,"featured_media":32831,"parent":0,"menu_order":0,"comment_status":"closed","ping_status":"closed","template":"","meta":{"footnotes":""},"class_list":["post-17660","page","type-page","status-publish","has-post-thumbnail","hentry"],"yoast_head":"<!-- This site is optimized with the Yoast SEO plugin v27.4 - https:\/\/yoast.com\/product\/yoast-seo-wordpress\/ -->\n<title>Contact pour le marketing touristique<\/title>\n<meta name=\"description\" content=\"Contactez Viel Marketing International pour vos strat\u00e9gies de marketing touristique. Contactez d\u00e8s aujourd&#039;hui notre \u00e9quipe d&#039;experts pour discuter de la croissance de votre marque.\" \/>\n<meta name=\"robots\" content=\"index, follow, max-snippet:-1, max-image-preview:large, max-video-preview:-1\" \/>\n<link rel=\"canonical\" href=\"https:\/\/vielmarketing.com\/fr\/contactez-nous-contact-us\/\" \/>\n<meta property=\"og:locale\" content=\"fr_FR\" \/>\n<meta property=\"og:type\" content=\"article\" \/>\n<meta property=\"og:title\" content=\"Contact.\" \/>\n<meta property=\"og:description\" content=\"Contactez-nous pour en savoir plus sur ce que nous pouvons faire pour votre entreprise de tourisme ; ventes, marketing, salons professionnels, webinaires et bien d&#039;autres choses \u00e0 offrir.\" \/>\n<meta property=\"og:url\" content=\"https:\/\/vielmarketing.com\/fr\/contactez-nous-contact-us\/\" \/>\n<meta property=\"og:site_name\" content=\"Viel Marketing International, Inc.\" \/>\n<meta property=\"article:publisher\" content=\"https:\/\/www.facebook.com\/VielMarketingIntl\" \/>\n<meta property=\"article:modified_time\" content=\"2026-01-25T15:56:17+00:00\" \/>\n<meta property=\"og:image\" content=\"https:\/\/vielmarketing.com\/wp-content\/uploads\/2024\/03\/1200x628-featured_contactus-1.jpg\" \/>\n\t<meta property=\"og:image:width\" content=\"1200\" \/>\n\t<meta property=\"og:image:height\" content=\"628\" \/>\n\t<meta property=\"og:image:type\" content=\"image\/jpeg\" \/>\n<meta name=\"twitter:card\" content=\"summary_large_image\" \/>\n<meta name=\"twitter:title\" content=\"Contact.\" \/>\n<meta name=\"twitter:description\" content=\"Contactez-nous pour en savoir plus sur ce que nous pouvons faire pour votre entreprise de tourisme ; ventes, marketing, salons professionnels, webinaires et bien d&#039;autres choses \u00e0 offrir.\" \/>\n<meta name=\"twitter:site\" content=\"@Francois_can\" \/>\n<meta name=\"twitter:label1\" content=\"Dur\u00e9e de lecture estim\u00e9e\" \/>\n\t<meta name=\"twitter:data1\" content=\"1 minute\" \/>\n<script type=\"application\/ld+json\" class=\"yoast-schema-graph\">{\"@context\":\"https:\\\/\\\/schema.org\",\"@graph\":[{\"@type\":\"WebPage\",\"@id\":\"https:\\\/\\\/vielmarketing.com\\\/fr\\\/contactez-nous-contact-us\\\/\",\"url\":\"https:\\\/\\\/vielmarketing.com\\\/fr\\\/contactez-nous-contact-us\\\/\",\"name\":\"Contact pour le marketing touristique\",\"isPartOf\":{\"@id\":\"https:\\\/\\\/vielmarketing.com\\\/fr\\\/#website\"},\"primaryImageOfPage\":{\"@id\":\"https:\\\/\\\/vielmarketing.com\\\/fr\\\/contactez-nous-contact-us\\\/#primaryimage\"},\"image\":{\"@id\":\"https:\\\/\\\/vielmarketing.com\\\/fr\\\/contactez-nous-contact-us\\\/#primaryimage\"},\"thumbnailUrl\":\"https:\\\/\\\/vielmarketing.com\\\/wp-content\\\/uploads\\\/2024\\\/03\\\/1200x628-featured_contactus-1.jpg\",\"datePublished\":\"2025-11-03T16:07:55+00:00\",\"dateModified\":\"2026-01-25T15:56:17+00:00\",\"description\":\"Contactez Viel Marketing International pour vos strat\u00e9gies de marketing touristique. Contactez d\u00e8s aujourd'hui notre \u00e9quipe d'experts pour discuter de la croissance de votre marque.\",\"breadcrumb\":{\"@id\":\"https:\\\/\\\/vielmarketing.com\\\/fr\\\/contactez-nous-contact-us\\\/#breadcrumb\"},\"inLanguage\":\"fr-FR\",\"potentialAction\":[{\"@type\":\"ReadAction\",\"target\":[\"https:\\\/\\\/vielmarketing.com\\\/fr\\\/contactez-nous-contact-us\\\/\"]}]},{\"@type\":\"ImageObject\",\"inLanguage\":\"fr-FR\",\"@id\":\"https:\\\/\\\/vielmarketing.com\\\/fr\\\/contactez-nous-contact-us\\\/#primaryimage\",\"url\":\"https:\\\/\\\/vielmarketing.com\\\/wp-content\\\/uploads\\\/2024\\\/03\\\/1200x628-featured_contactus-1.jpg\",\"contentUrl\":\"https:\\\/\\\/vielmarketing.com\\\/wp-content\\\/uploads\\\/2024\\\/03\\\/1200x628-featured_contactus-1.jpg\",\"width\":1200,\"height\":628},{\"@type\":\"BreadcrumbList\",\"@id\":\"https:\\\/\\\/vielmarketing.com\\\/fr\\\/contactez-nous-contact-us\\\/#breadcrumb\",\"itemListElement\":[{\"@type\":\"ListItem\",\"position\":1,\"name\":\"home\",\"item\":\"https:\\\/\\\/vielmarketing.com\\\/fr\\\/strategies-marketing-touristique\\\/\"},{\"@type\":\"ListItem\",\"position\":2,\"name\":\"contact\"}]},{\"@type\":\"WebSite\",\"@id\":\"https:\\\/\\\/vielmarketing.com\\\/fr\\\/#website\",\"url\":\"https:\\\/\\\/vielmarketing.com\\\/fr\\\/\",\"name\":\"Vielmarketing.com\",\"description\":\"tourism-tourism-turismo\",\"publisher\":{\"@id\":\"https:\\\/\\\/vielmarketing.com\\\/fr\\\/#organization\"},\"potentialAction\":[{\"@type\":\"SearchAction\",\"target\":{\"@type\":\"EntryPoint\",\"urlTemplate\":\"https:\\\/\\\/vielmarketing.com\\\/fr\\\/?s={search_term_string}\"},\"query-input\":{\"@type\":\"PropertyValueSpecification\",\"valueRequired\":true,\"valueName\":\"search_term_string\"}}],\"inLanguage\":\"fr-FR\"},{\"@type\":\"Organization\",\"@id\":\"https:\\\/\\\/vielmarketing.com\\\/fr\\\/#organization\",\"name\":\"Viel Marketing International, Inc.\",\"url\":\"https:\\\/\\\/vielmarketing.com\\\/fr\\\/\",\"logo\":{\"@type\":\"ImageObject\",\"inLanguage\":\"fr-FR\",\"@id\":\"https:\\\/\\\/vielmarketing.com\\\/fr\\\/#\\\/schema\\\/logo\\\/image\\\/\",\"url\":\"https:\\\/\\\/vielmarketing.com\\\/wp-content\\\/uploads\\\/2021\\\/07\\\/VielMarketing-logo_Less_lowres2.png\",\"contentUrl\":\"https:\\\/\\\/vielmarketing.com\\\/wp-content\\\/uploads\\\/2021\\\/07\\\/VielMarketing-logo_Less_lowres2.png\",\"width\":341,\"height\":315,\"caption\":\"Viel Marketing International, Inc.\"},\"image\":{\"@id\":\"https:\\\/\\\/vielmarketing.com\\\/fr\\\/#\\\/schema\\\/logo\\\/image\\\/\"},\"sameAs\":[\"https:\\\/\\\/www.facebook.com\\\/VielMarketingIntl\",\"https:\\\/\\\/x.com\\\/Francois_can\",\"https:\\\/\\\/www.instagram.com\\\/francois_can\\\/\",\"https:\\\/\\\/www.linkedin.com\\\/company\\\/vielmarketing\"]}]}<\/script>\n<!-- \/ Yoast SEO plugin. -->","yoast_head_json":{"title":"Contact pour le marketing touristique","description":"Contactez Viel Marketing International pour vos strat\u00e9gies de marketing touristique. Contactez d\u00e8s aujourd'hui notre \u00e9quipe d'experts pour discuter de la croissance de votre marque.","robots":{"index":"index","follow":"follow","max-snippet":"max-snippet:-1","max-image-preview":"max-image-preview:large","max-video-preview":"max-video-preview:-1"},"canonical":"https:\/\/vielmarketing.com\/fr\/contactez-nous-contact-us\/","og_locale":"fr_FR","og_type":"article","og_title":"Contact.","og_description":"Contactez-nous pour en savoir plus sur ce que nous pouvons faire pour votre entreprise de tourisme ; ventes, marketing, salons professionnels, webinaires et bien d'autres choses \u00e0 offrir.","og_url":"https:\/\/vielmarketing.com\/fr\/contactez-nous-contact-us\/","og_site_name":"Viel Marketing International, Inc.","article_publisher":"https:\/\/www.facebook.com\/VielMarketingIntl","article_modified_time":"2026-01-25T15:56:17+00:00","og_image":[{"width":1200,"height":628,"url":"https:\/\/vielmarketing.com\/wp-content\/uploads\/2024\/03\/1200x628-featured_contactus-1.jpg","type":"image\/jpeg"}],"twitter_card":"summary_large_image","twitter_title":"Contact.","twitter_description":"Contactez-nous pour en savoir plus sur ce que nous pouvons faire pour votre entreprise de tourisme ; ventes, marketing, salons professionnels, webinaires et bien d'autres choses \u00e0 offrir.","twitter_site":"@Francois_can","twitter_misc":{"Dur\u00e9e de lecture estim\u00e9e":"1 minute"},"schema":{"@context":"https:\/\/schema.org","@graph":[{"@type":"WebPage","@id":"https:\/\/vielmarketing.com\/fr\/contactez-nous-contact-us\/","url":"https:\/\/vielmarketing.com\/fr\/contactez-nous-contact-us\/","name":"Contact pour le marketing touristique","isPartOf":{"@id":"https:\/\/vielmarketing.com\/fr\/#website"},"primaryImageOfPage":{"@id":"https:\/\/vielmarketing.com\/fr\/contactez-nous-contact-us\/#primaryimage"},"image":{"@id":"https:\/\/vielmarketing.com\/fr\/contactez-nous-contact-us\/#primaryimage"},"thumbnailUrl":"https:\/\/vielmarketing.com\/wp-content\/uploads\/2024\/03\/1200x628-featured_contactus-1.jpg","datePublished":"2025-11-03T16:07:55+00:00","dateModified":"2026-01-25T15:56:17+00:00","description":"Contactez Viel Marketing International pour vos strat\u00e9gies de marketing touristique. Contactez d\u00e8s aujourd'hui notre \u00e9quipe d'experts pour discuter de la croissance de votre marque.","breadcrumb":{"@id":"https:\/\/vielmarketing.com\/fr\/contactez-nous-contact-us\/#breadcrumb"},"inLanguage":"fr-FR","potentialAction":[{"@type":"ReadAction","target":["https:\/\/vielmarketing.com\/fr\/contactez-nous-contact-us\/"]}]},{"@type":"ImageObject","inLanguage":"fr-FR","@id":"https:\/\/vielmarketing.com\/fr\/contactez-nous-contact-us\/#primaryimage","url":"https:\/\/vielmarketing.com\/wp-content\/uploads\/2024\/03\/1200x628-featured_contactus-1.jpg","contentUrl":"https:\/\/vielmarketing.com\/wp-content\/uploads\/2024\/03\/1200x628-featured_contactus-1.jpg","width":1200,"height":628},{"@type":"BreadcrumbList","@id":"https:\/\/vielmarketing.com\/fr\/contactez-nous-contact-us\/#breadcrumb","itemListElement":[{"@type":"ListItem","position":1,"name":"home","item":"https:\/\/vielmarketing.com\/fr\/strategies-marketing-touristique\/"},{"@type":"ListItem","position":2,"name":"contact"}]},{"@type":"WebSite","@id":"https:\/\/vielmarketing.com\/fr\/#website","url":"https:\/\/vielmarketing.com\/fr\/","name":"Vielmarketing.com","description":"tourism-tourism-turismo","publisher":{"@id":"https:\/\/vielmarketing.com\/fr\/#organization"},"potentialAction":[{"@type":"SearchAction","target":{"@type":"EntryPoint","urlTemplate":"https:\/\/vielmarketing.com\/fr\/?s={search_term_string}"},"query-input":{"@type":"PropertyValueSpecification","valueRequired":true,"valueName":"search_term_string"}}],"inLanguage":"fr-FR"},{"@type":"Organization","@id":"https:\/\/vielmarketing.com\/fr\/#organization","name":"Viel Marketing International, Inc.","url":"https:\/\/vielmarketing.com\/fr\/","logo":{"@type":"ImageObject","inLanguage":"fr-FR","@id":"https:\/\/vielmarketing.com\/fr\/#\/schema\/logo\/image\/","url":"https:\/\/vielmarketing.com\/wp-content\/uploads\/2021\/07\/VielMarketing-logo_Less_lowres2.png","contentUrl":"https:\/\/vielmarketing.com\/wp-content\/uploads\/2021\/07\/VielMarketing-logo_Less_lowres2.png","width":341,"height":315,"caption":"Viel Marketing International, Inc."},"image":{"@id":"https:\/\/vielmarketing.com\/fr\/#\/schema\/logo\/image\/"},"sameAs":["https:\/\/www.facebook.com\/VielMarketingIntl","https:\/\/x.com\/Francois_can","https:\/\/www.instagram.com\/francois_can\/","https:\/\/www.linkedin.com\/company\/vielmarketing"]}]}},"_links":{"self":[{"href":"https:\/\/vielmarketing.com\/fr\/wp-json\/wp\/v2\/pages\/17660","targetHints":{"allow":["GET"]}}],"collection":[{"href":"https:\/\/vielmarketing.com\/fr\/wp-json\/wp\/v2\/pages"}],"about":[{"href":"https:\/\/vielmarketing.com\/fr\/wp-json\/wp\/v2\/types\/page"}],"author":[{"embeddable":true,"href":"https:\/\/vielmarketing.com\/fr\/wp-json\/wp\/v2\/users\/1"}],"replies":[{"embeddable":true,"href":"https:\/\/vielmarketing.com\/fr\/wp-json\/wp\/v2\/comments?post=17660"}],"version-history":[{"count":4,"href":"https:\/\/vielmarketing.com\/fr\/wp-json\/wp\/v2\/pages\/17660\/revisions"}],"predecessor-version":[{"id":38961,"href":"https:\/\/vielmarketing.com\/fr\/wp-json\/wp\/v2\/pages\/17660\/revisions\/38961"}],"wp:featuredmedia":[{"embeddable":true,"href":"https:\/\/vielmarketing.com\/fr\/wp-json\/wp\/v2\/media\/32831"}],"wp:attachment":[{"href":"https:\/\/vielmarketing.com\/fr\/wp-json\/wp\/v2\/media?parent=17660"}],"curies":[{"name":"wp","href":"https:\/\/api.w.org\/{rel}","templated":true}]}}